{"id":15,"date":"2023-04-05T02:50:35","date_gmt":"2023-04-05T00:50:35","guid":{"rendered":"https:\/\/badielfashion.com\/?post_type=product&#038;p=15"},"modified":"2025-03-15T15:36:26","modified_gmt":"2025-03-15T14:36:26","slug":"2023-new-mens-v-neck-shirt-t-shirt-fashion-vintage-thin-long-sleeve-top-men-casual-breathable-viking-front-lace-up-man-shirts","status":"publish","type":"product","link":"https:\/\/badielfashion.com\/index.php\/product\/2023-new-mens-v-neck-shirt-t-shirt-fashion-vintage-thin-long-sleeve-top-men-casual-breathable-viking-front-lace-up-man-shirts\/","title":{"rendered":"2023 Nouveau T-shirt pour homme \u00e0 col en V, style vintage, manches longues et fines, d\u00e9contract\u00e9, respirant, la\u00e7age avant Viking, hauts pour hommes"},"content":{"rendered":"<div class=\"detailmodule_html\">\n<div class=\"detail-desc-decorate-richtext\">\n<div class=\"detailmodule_text\">\n<ol>\n<li>\u00c9tant donn\u00e9 que la forme de chaque personne est diff\u00e9rente, la hauteur et le poids recommand\u00e9s ne peuvent \u00eatre utilis\u00e9s que comme r\u00e9f\u00e9rence.<\/li>\n<li>Si votre hauteur et votre poids se situent entre deux tailles, veuillez choisir la taille sup\u00e9rieure.<\/li>\n<li>Si vous n&rsquo;\u00eates pas s\u00fbr de la taille \u00e0 choisir, veuillez nous contacter.<\/li>\n<li>Les informations de taille sont mesur\u00e9es \u00e0 la main, veuillez donc autoriser une diff\u00e9rence de 0,5 \u00e0 2 pouces. (1 pouce = 2,54 cm)<\/li>\n<li>En raison des effets d&rsquo;\u00e9clairage, des param\u00e8tres de luminosit\u00e9\/contraste de l&rsquo;\u00e9cran, etc., il peut y avoir de l\u00e9g\u00e8res diff\u00e9rences dans la tonalit\u00e9 de couleur des images et de l&rsquo;article r\u00e9el ! Tous les produits sont sujets aux marchandises r\u00e9ellement re\u00e7ues.<\/li>\n<\/ol>\n<p>Taille Taille Poitrine (cm) Longueur totale (cm) Hauteur recommand\u00e9e (cm) Poids recommand\u00e9 (kg) S 102 74 160-165 60-65 M 108 75 165-170 65-70 L 114 76 170-175 70-75 XL 120 77 175-185 75-85 XXL 126 78 185-195 85-95<\/p>\n<\/div>\n<div class=\"detailmodule_image\"><img decoding=\"async\" class=\"detail-desc-decorate-image\" src=\"https:\/\/ae01.alicdn.com\/kf\/Sd52656c8c3734237a987b694fcdaf0fcr.png\" \/><img decoding=\"async\" class=\"detail-desc-decorate-image\" src=\"https:\/\/ae01.alicdn.com\/kf\/Sefc72142a78a466aaae498bc688ef57fi.jpg\" \/><img decoding=\"async\" class=\"detail-desc-decorate-image\" src=\"https:\/\/ae01.alicdn.com\/kf\/S897d6c0153204e2eaa9c53462af010del.jpg\" \/><img decoding=\"async\" class=\"detail-desc-decorate-image\" src=\"https:\/\/ae01.alicdn.com\/kf\/Sb139058811554595b9da857a9b6612e4W.jpg\" \/><img decoding=\"async\" class=\"detail-desc-decorate-image\" src=\"https:\/\/ae01.alicdn.com\/kf\/Sd27d10973bab44ceb609dfa583e3cd17Y.jpg\" \/><img decoding=\"async\" class=\"detail-desc-decorate-image\" src=\"https:\/\/ae01.alicdn.com\/kf\/S8efe10a8226c483fa42880247d3a6afdl.jpg\" \/><img decoding=\"async\" class=\"detail-desc-decorate-image\" src=\"https:\/\/ae01.alicdn.com\/kf\/Sa6cb531e9b764dc79a200a9d7abf1785f.jpg\" \/><img decoding=\"async\" class=\"detail-desc-decorate-image\" src=\"https:\/\/ae01.alicdn.com\/kf\/S2c9ea7205a7149a48f4702587efa46ccV.jpg\" \/><img decoding=\"async\" class=\"detail-desc-decorate-image\" src=\"https:\/\/ae01.alicdn.com\/kf\/S08b7993497cb47c592765af267763cd3K.jpg\" \/><img decoding=\"async\" class=\"detail-desc-decorate-image\" src=\"https:\/\/ae01.alicdn.com\/kf\/Sa5286f3398c1410a9811124d7b5dbd5aC.jpg\" \/><\/div>\n<div class=\"detailmodule_text-image\"><img decoding=\"async\" class=\"detail-desc-decorate-image\" src=\"https:\/\/ae01.alicdn.com\/kf\/Sfa2c6d2633564db59ca93f9eb5d1a55dS.jpg\" \/><img decoding=\"async\" class=\"detail-desc-decorate-image\" src=\"https:\/\/ae01.alicdn.com\/kf\/S8bd87c4a18eb418c8b3e6292fceb03bfK.jpg\" \/><img decoding=\"async\" class=\"detail-desc-decorate-image\" src=\"https:\/\/ae01.alicdn.com\/kf\/S3c2ef2ce217b44fcafe9af2644d6a022y.jpg\" \/><img decoding=\"async\" class=\"detail-desc-decorate-image\" src=\"https:\/\/ae01.alicdn.com\/kf\/Sa3dc07035af94b62a8aa62574cfe6597a.jpg\" \/><img decoding=\"async\" class=\"detail-desc-decorate-image\" src=\"https:\/\/ae01.alicdn.com\/kf\/Se71f875bfcfb48a4aaadec3da734ad73R.jpg\" \/><img decoding=\"async\" class=\"detail-desc-decorate-image\" src=\"https:\/\/ae01.alicdn.com\/kf\/S9a96b1ebdea94c0ea33a0bce2c824bb22.jpg\" \/><\/div>\n<p>&nbsp;<\/p>\n<\/div>\n<\/div>\n","protected":false},"excerpt":{"rendered":"<p>\u00c9tant donn\u00e9 que la forme de chaque personne est diff\u00e9rente, la hauteur et le poids recommand\u00e9s ne peuvent \u00eatre utilis\u00e9s que comme r\u00e9f\u00e9rence. Si votre hauteur et votre poids se situent entre deux tailles, veuillez choisir la taille sup\u00e9rieure. Si vous n&rsquo;\u00eates pas s\u00fbr de la taille \u00e0 choisir, veuillez nous contacter. Les informations de [&hellip;]<\/p>\n","protected":false},"featured_media":14,"comment_status":"open","ping_status":"closed","template":"","meta":[],"product_brand":[],"product_cat":[19,29],"product_tag":[],"class_list":{"0":"post-15","1":"product","2":"type-product","3":"status-publish","4":"has-post-thumbnail","6":"product_cat-homme","7":"product_cat-vetements","9":"entry","10":"has-media","12":"first","13":"instock","14":"taxable","15":"shipping-taxable","16":"purchasable","17":"product-type-variable","18":"has-product-nav","19":"col","20":"span_1_of_4","21":"owp-content-center","22":"owp-thumbs-layout-horizontal","23":"owp-btn-normal","24":"owp-tabs-layout-vertical"},"jetpack_sharing_enabled":true,"_links":{"self":[{"href":"https:\/\/badielfashion.com\/index.php\/wp-json\/wp\/v2\/product\/15","targetHints":{"allow":["GET"]}}],"collection":[{"href":"https:\/\/badielfashion.com\/index.php\/wp-json\/wp\/v2\/product"}],"about":[{"href":"https:\/\/badielfashion.com\/index.php\/wp-json\/wp\/v2\/types\/product"}],"replies":[{"embeddable":true,"href":"https:\/\/badielfashion.com\/index.php\/wp-json\/wp\/v2\/comments?post=15"}],"wp:featuredmedia":[{"embeddable":true,"href":"https:\/\/badielfashion.com\/index.php\/wp-json\/wp\/v2\/media\/14"}],"wp:attachment":[{"href":"https:\/\/badielfashion.com\/index.php\/wp-json\/wp\/v2\/media?parent=15"}],"wp:term":[{"taxonomy":"product_brand","embeddable":true,"href":"https:\/\/badielfashion.com\/index.php\/wp-json\/wp\/v2\/product_brand?post=15"},{"taxonomy":"product_cat","embeddable":true,"href":"https:\/\/badielfashion.com\/index.php\/wp-json\/wp\/v2\/product_cat?post=15"},{"taxonomy":"product_tag","embeddable":true,"href":"https:\/\/badielfashion.com\/index.php\/wp-json\/wp\/v2\/product_tag?post=15"}],"curies":[{"name":"wp","href":"https:\/\/api.w.org\/{rel}","templated":true}]}}